{"id":2900,"date":"2023-11-29T22:20:47","date_gmt":"2023-11-29T22:20:47","guid":{"rendered":"https:\/\/www.groupify.ch\/?page_id=2900"},"modified":"2024-01-21T19:34:54","modified_gmt":"2024-01-21T19:34:54","slug":"agb","status":"publish","type":"page","link":"https:\/\/www.groupify.ch\/en\/agb\/","title":{"rendered":"AGB"},"content":{"rendered":"\n<div class=\"wp-block-group alignfull has-global-padding is-layout-constrained wp-container-core-group-is-layout-669513ed wp-block-group-is-layout-constrained\" style=\"margin-top:0;margin-bottom:0;padding-top:var(--wp--preset--spacing--50);padding-right:var(--wp--preset--spacing--50);padding-bottom:var(--wp--preset--spacing--50);padding-left:var(--wp--preset--spacing--50)\">\n<div style=\"height:100px\" aria-hidden=\"true\" class=\"wp-block-spacer\"><\/div>\n\n\n\n<div class=\"wp-block-group is-vertical is-content-justification-center is-layout-flex wp-container-core-group-is-layout-ce155fab wp-block-group-is-layout-flex\">\n<h2 class=\"wp-block-heading has-x-large-font-size\">Allgemeine Gesch\u00e4ftsbedingungen f\u00fcr die Nutzung der Services von groupify<\/h2>\n\n\n\n<ol class=\"wp-block-list\">\n<li><strong>Wer sind wir?<\/strong><br>F\u00fcr die Allgemeinen Gesch\u00e4ftsbedingungen ist die groupify.ch GmbH, Korneliusstrasse 3, 8008 Z\u00fcrich, Schweiz verantwortlich (\u201ewir\u201c&nbsp;oder&nbsp;\u201euns\u201c). Bei Fragen zu dieser Allgemeinen Gesch\u00e4ftsbedingungen oder die Bearbeitung Ihrer Personendaten k\u00f6nnen Sie uns gerne wie folgt kontaktieren:<br>groupify.ch GmbH<br>Allgemeine Gesch\u00e4ftsbedingungen<br>Korneliusstrasse 3, 8008 Z\u00fcrich<br><a href=\"mailto:info@groupify.ch\">info@groupify.ch<\/a><br><br><a href=\"https:\/\/zh.chregister.ch\/cr-portal\/auszug\/auszug.xhtml?uid=CHE-439.790.303\" target=\"_blank\" rel=\"noreferrer noopener\">H-Reg Nr.: CHE-439.790.303<\/a><br>Hauptsitz: Z\u00fcrich, Schweiz<br><\/li>\n\n\n\n<li><strong>Geltungsbereich<\/strong>\n<ul class=\"wp-block-list\">\n<li>Die nachstehenden Gesch\u00e4ftsbedingungen gelten f\u00fcr alle Leistungen (Services), die groupify.ch GmbH anbietet, und regeln deren Inanspruchnahme.<br><\/li>\n\n\n\n<li>Mit der Registrierung akzeptiert der Nutzer ausdr\u00fccklich diese Gesch\u00e4ftsbedingungen sowie die Datenschutzerkl\u00e4rung von groupify.ch GmbH.<br><\/li>\n\n\n\n<li>Personen, die das 18. Lebensjahr noch nicht vollendet haben, d\u00fcrfen die Leistungen (Services) von groupify.ch GmbH nicht nutzen.<br><\/li>\n\n\n\n<li>Die Nutzung der Leistungen (Services) von groupify.ch GmbH f\u00fcr kommerzielle Zwecke ist nur nach ausdr\u00fccklicher schriftlicher Genehmigung durch groupify.ch GmbH gestattet.<br><\/li>\n<\/ul>\n<\/li>\n\n\n\n<li><strong>Registrierung \/ Vertragsabschluss<\/strong>\n<ul class=\"wp-block-list\">\n<li>F\u00fcr die Nutzung der Leistungen (Services) von groupify.ch GmbH ist eine Registrierung auf der Plattformen von groupify.ch GmbH erforderlich. Daf\u00fcr ben\u00f6tigt der Nutzer eine E-Mail-Adresse und ein von ihm gew\u00e4hltes Passwort.<br><\/li>\n\n\n\n<li>Der Nutzer ist verpflichtet, bei der Registrierung wahrheitsgem\u00e4\u00dfe und vollst\u00e4ndige Angaben zu machen. groupify.ch GmbH beh\u00e4lt sich vor, in Einzelf\u00e4llen die Richtigkeit zu \u00fcberpr\u00fcfen. Pseudonyme sind zul\u00e4ssig.<br><\/li>\n\n\n\n<li>Es besteht kein Recht auf Registrierung. groupify.ch GmbH ist berechtigt, eine Registrierung ohne Angabe von Gr\u00fcnden abzulehnen.<br><\/li>\n\n\n\n<li>Jeder Nutzer darf auf der Plattform von groupify.ch GmbH insgesamt maximal ein Benutzerkonto anlegen. Mehrfache Registrierungen sind unzul\u00e4ssig und f\u00fchren zur Sperrung oder L\u00f6schung der Registrierungen.<br><\/li>\n\n\n\n<li>Der Nutzer hat nach Abschluss der Registrierung die M\u00f6glichkeit, die Leistungen (Services) von groupify.ch GmbH zu nutzen.<\/li>\n\n\n\n<li>Mit der Registrierung entsteht ein Vertragsverh\u00e4ltnis zwischen groupify.ch GmbH und dem Nutzer, das sich nach den Bestimmungen dieser Gesch\u00e4ftsbedingungen sowie der Datenschutzerkl\u00e4rung, die einen integrierten Bestandteil dieser Gesch\u00e4ftsbedingungen bildet, richtet.<br><\/li>\n\n\n\n<li>Die Nutzung der Basisfunktionen der Leistungen (Services) von groupify.ch GmbH ist nach der Registrierung bzw. Anmeldung kostenfrei.<br><\/li>\n\n\n\n<li>groupify.ch GmbH beh\u00e4lt sich das Recht vor, in Zukunft f\u00fcr von ihr erbrachte Leistungen (Services) Entgelte zu verlangen. In diesem Fall wird groupify.ch GmbH gem\u00e4\u00df Kapitel 11 &nbsp;\u00ab\u00c4nderung der Gesch\u00e4ftsbedingungen\u00bb vorgehen.<br><\/li>\n<\/ul>\n<\/li>\n\n\n\n<li><strong>Leistungen<\/strong>\n<ul class=\"wp-block-list\">\n<li>groupify.ch GmbH bietet dem Nutzer \u00fcber die groupify Plattform die M\u00f6glichkeit Aktivit\u00e4ten zu organisieren oder an Aktivit\u00e4ten von anderen Mitgliedern teilzunehmen.<br><\/li>\n\n\n\n<li>groupify.ch GmbH erm\u00f6glicht dem Nutzer den Aufbau von Bekanntschaften f\u00fcr Freizeit, Sport, Reise und Partnerschaft.<br><\/li>\n\n\n\n<li>Dem Nutzer steht die M\u00f6glichkeit offen,\n<ul class=\"wp-block-list\">\n<li>ein Profil (allenfalls f\u00fcr unterschiedliche Bereiche, wie z. B. Sport, Reise, Partnerschaft) zu erstellen und Fotos in das Profil hochzuladen (es gelten die in Kapitel 5 festgelegten Fotorichtlinien);<\/li>\n\n\n\n<li>mit anderen Nutzern zu kommunizieren (z. B. Nachrichten und Kommentare zu empfangen und zu senden);<\/li>\n\n\n\n<li>Inhalte zu erstellen (z. B. Aktivit\u00e4ten anzulegen, Pinnwandbeitr\u00e4ge zu erstellen)<br><\/li>\n<\/ul>\n<\/li>\n\n\n\n<li>groupify.ch GmbH ist berechtigt, aber nicht verpflichtet, die vom Nutzer erstellten Inhalte auf deren Vereinbarkeit mit gesetzlichen Bestimmungen und diesen Gesch\u00e4ftsbedingungen zu \u00fcberpr\u00fcfen und die jeweiligen Inhalte, sofern erforderlich, nach eigenem Ermessen und ohne Zustimmung des Nutzers zu l\u00f6schen.<br><\/li>\n\n\n\n<li>In Hinblick auf die technische und wirtschaftliche Entwicklung des Internets, auf gesetzliche Vorschriften oder Anforderungen sowie auf die Weiterentwicklungen eigener und dritter Produkte ist groupify.ch GmbH jederzeit berechtigt, \u00c4nderungen an den von ihr erbrachten Leistungen (Services) vorzunehmen.<br><\/li>\n<\/ul>\n<\/li>\n\n\n\n<li><strong>Fotorichtlinien<\/strong>\n<ul class=\"wp-block-list\">\n<li>F\u00fcr das Hochladen von Fotos in das Profil des Nutzers (Kapitel 3) hat groupify.ch GmbH Richtlinien erstellt (Kapitel 5), die der Nutzer einzuhalten hat. Widerspricht ein vom Nutzer hochgeladenes Foto diesen Richtlinien, ist groupify.ch GmbH berechtigt, aber nicht verpflichtet, dieses nach eigenem Ermessen und ohne Zustimmung des Nutzers in das Fotoalbum zu verschieben oder zu l\u00f6schen.<br><\/li>\n\n\n\n<li>Profilfotos: Auf den Plattformen von groupify.ch GmbH geht es darum, neue Leute f\u00fcr alle Facetten des Privatlebens kennenzulernen. Den meisten Nutzern ist es dabei wichtig zu wissen, wie die jeweilige Person aussieht, mit der sie Kontakt aufnehmen. Aus diesem Grund muss das Profilfoto einige Kriterien erf\u00fcllen:\n<ul class=\"wp-block-list\">\n<li>Der Nutzer muss auf dem Foto selbst abgebildet sein.<\/li>\n\n\n\n<li>Das Gesicht des Nutzers muss auf dem gew\u00e4hlten Bildausschnitt klar zu erkennen sein.<\/li>\n\n\n\n<li>Das Foto darf nicht zu alt sein.<\/li>\n\n\n\n<li>Das Foto darf nicht mithilfe von kreativen Filtern o. \u00e4. entfremdet sein.<br><\/li>\n<\/ul>\n<\/li>\n\n\n\n<li> Verbotene Inhalte: Durch die vom Nutzer hochgeladenen Fotos d\u00fcrfen keine Rechte Dritter verletzt, Nacktheit zur Schau gestellt oder andere Mitglieder gest\u00f6rt bzw. beleidigt werden. Gleiches gilt f\u00fcr Verst\u00f6\u00dfe gegen die Rechtsordnung. Des Weiteren darf es sich nicht um Werbung jeglicher Art handeln.<br><\/li>\n\n\n\n<li>Haftungsausschluss: Der Nutzer gew\u00e4hrleistet, dass die von ihm hochgeladenen Fotos nicht gegen Rechte Dritter versto\u00dfen (Immaterialg\u00fcterrechte sowie Urheberrechte) und stellt groupify.ch GmbH schad- und klaglos, falls Anspr\u00fcche geltend gemacht werden sollten.<br><\/li>\n<\/ul>\n<\/li>\n\n\n\n<li><strong>&nbsp;Verpflichtungen, Obliegenheiten und Verhaltensregeln des Nutzers<\/strong>\n<ul class=\"wp-block-list\">\n<li>Um die Leistungen (Services) von groupify.ch GmbH in vollem Umfang nutzen zu k\u00f6nnen, muss der Nutzer die jeweils neuesten (Browser)-Technologien verwenden oder deren Verwendung erm\u00f6glichen (z. B. Aktivierung von Java Skript, Cookies, Pop-ups). Bei Verwendung \u00e4lterer Technologien kann es sein, dass der Nutzer die Leistungen (Services) von groupify.ch GmbH nicht in vollem Umfang nutzen kann.<br><\/li>\n\n\n\n<li>Der Nutzer hat die Zugangsdaten (Passwort, Benutzername) streng vertraulich zu behandeln und vor unberechtigtem Zugriff Dritter zu sch\u00fctzen. Er darf diese Zugangsdaten niemandem, auch nicht Mitarbeitern von groupify.ch GmbH, zur Kenntnis bringen. Wenn der Nutzer Grund zur Annahme hat, dass die Zugangsdaten (Passwort, Benutzername) Dritten in irgendeiner Weise bekannt geworden sind, ist er verpflichtet, sein Passwort umgehend zu \u00e4ndern und groupify.ch GmbH umgehend zu informieren. Gibt der Nutzer die Zugangsdaten (Passwort, Benutzername) an Dritte weiter, so haftet er f\u00fcr s\u00e4mtliche dadurch verursachte Sch\u00e4den.<br><\/li>\n\n\n\n<li>Der Nutzer verpflichtet sich, die von groupify.ch GmbH erbrachten Leistungen (Services) bestimmungsgem\u00e4\u00df zu nutzen und bei deren Nutzung Handlungen zu unterlassen, die groupify.ch GmbH und\/oder anderen Nutzern schaden oder gef\u00e4hrden und\/oder die die Verf\u00fcgbarkeit der Leistungen (Services) f\u00fcr andere Nutzer einschr\u00e4nken k\u00f6nnten. Unter die bestimmungsgem\u00e4\u00dfe Nutzung f\u00e4llt auch die Einhaltung aller Hinweise, Empfehlungen etc., die groupify.ch GmbH zum Zeitpunkt des Vertragsabschlusses oder danach auf ihrer Homepage, in Bedienungsanleitungen und\/oder sonstigen dem Nutzer zur Verf\u00fcgung gestellten Unterlagen ausf\u00fchrt.<br><\/li>\n\n\n\n<li>groupify.ch GmbH bietet dem Nutzer die M\u00f6glichkeit, auf den Plattformen von groupify.ch GmbH Inhalte zu ver\u00f6ffentlichen, mit anderen Nutzern zu kommunizieren und zu interagieren. Der Nutzer sichert zu, die Leistungen (Services) von groupify.ch GmbH nicht missbr\u00e4uchlich zu nutzen und die folgenden Regelungen einzuhalten. Dar\u00fcber hinaus hat der Nutzer die&nbsp;Regelungen dieser AGB stets einzuhalten:<br><\/li>\n\n\n\n<li>Die Eingabe der personenbezogenen Daten im Profil des Nutzers erfolgt auf dessen eigenes Risiko und Verantwortung. Die Angabe einer pers\u00f6nlichen E-Mail-Adresse (oder ein Hinweis darauf), einer Telefonnummer oder auch eines Hyperlinks, der auf solche Daten verweist, im Profil des Nutzers ist nicht erlaubt.<br><\/li>\n\n\n\n<li>Die Ver\u00f6ffentlichung von Daten Dritter (z. B. das Anlegen eines Profils f\u00fcr einen Dritten) ist ohne deren Zustimmung nicht erlaubt.<br><\/li>\n\n\n\n<li>Der Nutzer tr\u00e4gt die ausschlie\u00dfliche Verantwortung f\u00fcr die in seinem Profil gespeicherten Inhalte. Der Nutzer verpflichtet sich, s\u00e4mtliche relevanten gesetzlichen Bestimmungen (wie z. B. Strafgesetzbuch, Pornographiegesetz, Jugendschutzgesetze, Verbotsgesetz, Telekommunikationsgesetz, E-Commerce-Gesetz, Mediengesetz, Urheberrechtsgesetz, Gesetz gegen den unlauteren Wettbewerb, Datenschutzgrundverordnung [DSGVO], DSG (i. d. g. F.), etwaige Pers\u00f6nlichkeitsrechte, die sich aus sonstigen Gesetzen ergeben, etc.) beim Einstellen von Inhalten in sein Profil einzuhalten. Insbesondere dazu, keine sittenwidrigen, pornografischen, obsz\u00f6nen, rassistischen, gewaltverherrlichenden, gewaltverharmlosenden, rechts-\/linksradikalen, beleidigenden oder sonstigen rechtswidrigen Inhalte, Materialien, Informationen und\/oder Fotos zu verbreiten.<br><\/li>\n\n\n\n<li>Der Nutzer verpflichtet sich, Dritte und andere Nutzer nicht zu bedrohen, zu beleidigen, zu bel\u00e4stigen und\/oder deren (Pers\u00f6nlichkeits-)Rechte zu verletzen.<br><\/li>\n\n\n\n<li>Der Nutzer verpflichtet sich ebenso, die in den Profilen angegeben Suchw\u00fcnsche zu beachten und keine unpassenden Anfragen und Nachrichten zu versenden. Dies liegt auch im Eigeninteresse des Nutzers, da ein Zuwiderhandeln dessen \u201eVertrauenswert\u201c negativ beeinflusst: Bleiben \u00fcberdurchschnittlich viele Nachrichten des Nutzers unbeantwortet (z. B. aufgrund unpassender Copy&amp;Paste-Nachrichten oder plumper Anmachspr\u00fcche), sinkt dessen Vertrauenswert. Wird der Nutzer dar\u00fcber hinaus blockiert oder gemeldet, senkt dies den Vertrauenswert noch weiter. Sobald eine bestimmte Schwelle unterschritten wurde, m\u00fcssen die Nachrichten des Nutzers an neue Mitglieder vom Support-Team freigegeben werden. F\u00e4llt der Vertrauenswert in den roten Bereich, werden die Nachrichten des Nutzers an neue Mitglieder nicht mehr zugestellt (siehe Kapitel 11 Sanktionen). Davon unbenommen sind Nachrichten an bestehende Kontakte oder Antworten auf Kontaktaufnahmen anderer Nutzer. Diese sind auch bei niedrigen Vertrauenswerten ohne Einschr\u00e4nkungen m\u00f6glich.<br><\/li>\n\n\n\n<li>Der Nutzer sichert zu, auf den Plattformen von groupify.ch GmbH keine Daten zu ver\u00f6ffentlichen, die Viren (infizierte Software) oder Software und Inhalte, an denen Dritte Urheberrechte haben (es sei denn, der Nutzer hat die erforderlichen Rechte daran oder die Zustimmung des Berechtigten), enthalten.<br><\/li>\n\n\n\n<li>Die Nutzung der Leistungen (Services) von groupify.ch GmbH f\u00fcr gewerbliche Zwecke (z. B. f\u00fcr das Bewerben, Anpreisen und Anbieten von Waren, Dienstleistungen, Jobangeboten etc.) ist untersagt. Das Gleiche gilt f\u00fcr das gewerbliche oder private Bewerben anderer Webseiten oder Apps (darunter fallen auch WhatsApp-Gruppen, Facebook-Gruppen und -Veranstaltungen, Newsletter o. \u00e4.) sowie das Versenden von Massennachrichten oder Kettenbriefen.<br><\/li>\n\n\n\n<li>Unabh\u00e4ngig von allf\u00e4lligen zivil- und strafrechtlichen Folgen hat der Nutzer groupify.ch GmbH f\u00fcr Sch\u00e4den \u2013 welcher Art auch immer \u2013 und f\u00fcr allf\u00e4llige Anspr\u00fcche Dritter \u2013 welcher Art auch immer \u2013, die aus der Verletzung von Verpflichtungen des Nutzers gem\u00e4\u00df Kapitel 6 dieser Gesch\u00e4ftsbedingungen resultieren, v\u00f6llig schad- und klaglos zu halten.<br><\/li>\n<\/ul>\n<\/li>\n\n\n\n<li><strong>Nutzungs- und Urheberrechte<\/strong><br>groupify.ch GmbH ist im Verh\u00e4ltnis zum Nutzer alleiniger Inhaber der Vervielf\u00e4ltigungs-, Verbreitungs-, Verarbeitungs- und s\u00e4mtlicher Urheberrechte sowie des Rechts der unk\u00f6rperlichen \u00dcbertragung und Wiedergabe des Service von groupify.ch GmbH sowie der einzelnen darin enthaltenen Inhalte. Die Nutzung des Service von groupify.ch GmbH und der darin enthaltenen Inhalte, Materialien sowie Marken- und Handelsnamen ist ausschlie\u00dflich zu den in diesen Gesch\u00e4ftsbedingungen genannten Zwecken zul\u00e4ssig.<br><\/li>\n\n\n\n<li><strong>Verf\u00fcgbarkeit \/ Gew\u00e4hrleistung<\/strong>\n<ul class=\"wp-block-list\">\n<li>groupify.ch GmbH bem\u00fcht sich um eine st\u00e4ndige Verf\u00fcgbarkeit ihrer Leistungen (Services). Ausfallszeiten durch Wartungen, Software-Updates und aufgrund von Umst\u00e4nden (wie etwa technischer Probleme Dritter, h\u00f6herer Gewalt), die nicht im Einflussbereich von groupify.ch GmbH liegen und daher von ihr auch nicht zu vertreten sind und durch die von ihr angebotenen Leistungen (Services) \u00fcber das Internet nicht erreichbar sind, k\u00f6nnen nicht ausgeschlossen werden. Der Nutzer erkl\u00e4rt, f\u00fcr Ausf\u00e4lle keine Schadenersatz- und\/ oder Gew\u00e4hrleistungsanspr\u00fcche geltend zu machen.<br><\/li>\n\n\n\n<li>groupify.ch GmbH leistet keine Gew\u00e4hr daf\u00fcr, dass ihr Angebot den Erwartungen des Kunden entspricht, insbesondere daf\u00fcr, dass durch die Nutzung ihrer Leistungen (Services) Erfolge erzielt werden (z. B. das Kn\u00fcpfen von Freundschaften, coolen Aktivit\u00e4ten, interessanten Gespr\u00e4chen etc.)<br><\/li>\n\n\n\n<li>groupify.ch GmbH ist berechtigt, die im Benutzerkonto gespeicherten Nachrichten jeweils nach Ablauf von 30 Tagen nach deren Erhalt oder Empfang ohne gesonderte Zustimmung des Nutzers zu l\u00f6schen.<br><\/li>\n<\/ul>\n<\/li>\n\n\n\n<li><strong>Haftung<\/strong>\n<ul class=\"wp-block-list\">\n<li>Soweit dies nicht gegen zwingendes Recht verst\u00f6\u00dft, haftet groupify.ch GmbH f\u00fcr den Ersatz von Sch\u00e4den, die im Zusammenhang mit diesem Vertrag von ihr, ihren Mitarbeitern und\/oder Erf\u00fcllungsgehilfen verursacht werden, nur f\u00fcr den Fall, dass die Verursachung dieser Sch\u00e4den grob fahrl\u00e4ssig oder vors\u00e4tzlich herbeigef\u00fchrt wurde. Die damit einhergehenden Haftungsbeschr\u00e4nkungen gelten jedoch nicht f\u00fcr den Ersatz von Personensch\u00e4den.<br><\/li>\n\n\n\n<li>Unbeschadet der Haftungsbeschr\u00e4nkung gem\u00e4\u00df Kapitel 9 ist die Haftung von groupify.ch GmbH f\u00fcr Folgesch\u00e4den, entgangenen Gewinn, Datenverlust und Verm\u00f6genssch\u00e4den ausdr\u00fccklich ausgeschlossen.<br><\/li>\n\n\n\n<li>groupify.ch GmbH haftet weder f\u00fcr Inhalte, die vom Nutzer auf der Plattform von groupify.ch GmbH verbreitet werden, noch f\u00fcr Sch\u00e4den, die daraus entstehen.<br><\/li>\n<\/ul>\n<\/li>\n\n\n\n<li><strong>Stilllegung des Services<\/strong><br>groupify.ch GmbH ist berechtigt, das Service, welches Gegenstand dieses Vertrages ist, zur G\u00e4nze oder teilweise stillzulegen, falls die Sicherheit von groupify.ch GmbH oder von Nutzern gef\u00e4hrdet ist. Dieses Recht besteht auch, falls der Weiterbetrieb des Services oder von Teilen davon wirtschaftlich nicht zumutbar ist. groupify.ch GmbH wird den Nutzer von solchen Ma\u00dfnahmen unverz\u00fcglich verst\u00e4ndigen.<br><\/li>\n\n\n\n<li><strong>Sanktionen<\/strong><br>groupify.ch GmbH beh\u00e4lt sich das Recht vor, bei Verst\u00f6\u00dfen des Nutzers gegen diese Gesch\u00e4ftsbedingungen,<br>\n<ul class=\"wp-block-list\">\n<li>den Nutzer zu verwarnen,<br><\/li>\n\n\n\n<li>Inhalte des Nutzers zu l\u00f6schen,<br><\/li>\n\n\n\n<li>Nachrichten des Nutzers nicht zuzustellen,<br><\/li>\n\n\n\n<li>Inhalte des Nutzers nicht zu ver\u00f6ffentlichen,<br><\/li>\n\n\n\n<li>den Nutzer vor\u00fcbergehend oder dauerhaft zu sperren und\/oder<br><\/li>\n\n\n\n<li>das Vertragsverh\u00e4ltnis vorzeitig gem\u00e4\u00df Kapitel 13 aufzul\u00f6sen und das Nutzerprofil zu l\u00f6schen, insbesondere bei Verst\u00f6\u00dfen gegen Kapitel 5 (Fotorichtlinien).<br><\/li>\n<\/ul>\n<\/li>\n\n\n\n<li><strong>\u00c4nderung dieser Gesch\u00e4ftsbedingungen<\/strong><br>groupify.ch GmbH ist berechtigt, diese Gesch\u00e4ftsbedingungen jederzeit zu \u00e4ndern. groupify.ch GmbH wird den Nutzer \u00fcber solche \u00c4nderungen entweder durch Zusendung der ge\u00e4nderten Gesch\u00e4ftsbedingungen an die bei der Registrierung bekannt gegebene E-Mail-Adresse oder durch Ver\u00f6ffentlichung auf den Plattformen von groupify.ch GmbH informieren. Die \u00c4nderung der Gesch\u00e4ftsbedingungen berechtigt den Nutzer, das Vertragsverh\u00e4ltnis innerhalb einer Frist von einem Monat ab Mitteilung schriftlich und\/oder durch L\u00f6schung des Benutzerkontos zu k\u00fcndigen. K\u00fcndigt der Nutzer nicht innerhalb dieser Ein-Monats-Frist, so gelten die ge\u00e4nderten Gesch\u00e4ftsbedingungen als vereinbart.<br><\/li>\n\n\n\n<li><strong>Dauer\/Beendigung des Vertragsverh\u00e4ltnisses<\/strong>\n<ul class=\"wp-block-list\">\n<li>Dieser Vertrag wird auf unbestimmte Zeit abgeschlossen. Der Nutzer ist berechtigt, das Vertragsverh\u00e4ltnis jederzeit durch L\u00f6schung des Benutzerkontos zu k\u00fcndigen. Dies erfolgt unter \u201eOptionen\u201c\/\u201cEinstellungen\u201c mit der Funktion \u201eKonto l\u00f6schen\u201c. groupify.ch GmbH ist berechtigt, das Vertragsverh\u00e4ltnis unter Einhaltung einer K\u00fcndigungsfrist von einem Monat zu jedem Monatsletzten zu k\u00fcndigen.<br><\/li>\n\n\n\n<li>groupify.ch GmbH ist berechtigt, diesen Vertrag bei Vorliegen eines wichtigen Grundes ohne Einhaltung einer Frist durch L\u00f6schung des Benutzerkontos aufzul\u00f6sen. Wichtige Gr\u00fcnde sind insbesondere, wenn\n<ul class=\"wp-block-list\">\n<li>der Nutzer gegen Kapitel 5 (Fotorichtlinien) verst\u00f6\u00dft;<br><\/li>\n<\/ul>\n<\/li>\n\n\n\n<li>groupify.ch GmbH den Nutzer auf die Verletzung einer sonstigen Bestimmung dieses Vertrages aufmerksam gemacht und unter Setzung einer zumindest 14-t\u00e4gigen Frist aufgefordert hat, die Verletzung abzustellen, und der Nutzer innerhalb der gesetzten Frist dieser Aufforderung nicht nachkommt.<br><\/li>\n<\/ul>\n<\/li>\n\n\n\n<li><strong>Unabh\u00e4ngige Leistungsanbieter<\/strong>\n<ul class=\"wp-block-list\">\n<li>Leistungen, die Dritte auf den Plattformen von groupify.ch GmbH anbieten (sogenannte Internet Content Provider, kurz: ICP), k\u00f6nnen zus\u00e4tzlichen Bedingungen unterworfen und f\u00fcr den Nutzer kostenpflichtig sein. Der Nutzer ist verpflichtet, sich vor Inanspruchnahme von Leistungen von ICP \u00fcber dessen Allgemeine Gesch\u00e4ftsbedingungen und Entgelte zu informieren. Das Vertragsverh\u00e4ltnis betreffend der vom ICP angebotenen Leistungen kommt nur zwischen dem ICP und dem Nutzer zustanden, nicht jedoch mit groupify.ch GmbH.<\/li>\n\n\n\n<li>groupify.ch GmbH \u00fcbernimmt keine Haftung \u2013 welcher Art auch immer \u2013 f\u00fcr die Leistungen von ICP.<br><\/li>\n<\/ul>\n<\/li>\n\n\n\n<li><strong>Geheimhaltung<\/strong>\n<ul class=\"wp-block-list\">\n<li>Der Nutzer verpflichtet sich, E-Mails, Nachrichten oder Daten anderer Nutzer (wie z. B. Namen, Telefon- und Faxnummern, E-Mail- und Wohnadressen, URLs etc.), die er im Zusammenhang mit der Nutzung der Plattform von groupify.ch GmbH erh\u00e4lt, vertraulich zu behandeln. Der Nutzer darf diese ohne vorhergehende schriftliche Zustimmung des anderen Nutzers weder ganz noch teilweise, weder direkt noch indirekt, Dritten zug\u00e4nglich machen.<br><\/li>\n\n\n\n<li>groupify.ch GmbH und der Nutzer sind verpflichtet, die Bestimmungen der Datenschutzgrundverordnung (DSGVO) und DSG (i. d. g. F.) sowie allf\u00e4llige weitere gesetzliche Geheimhaltungsverpflichtungen einzuhalten.<br><\/li>\n\n\n\n<li>Die vorstehenden Verpflichtungen gelten auch nach Beendigung dieses Vertragsverh\u00e4ltnisses.<br><\/li>\n<\/ul>\n<\/li>\n\n\n\n<li><strong>Erf\u00fcllungsort \/ Gerichtsstand \/ Rechtswahl \/ Vertragssprache<\/strong>\n<ul class=\"wp-block-list\">\n<li>Erf\u00fcllungsort ist Z\u00fcrich, Schweiz.<br><\/li>\n\n\n\n<li>F\u00fcr Rechtsstreitigkeiten mit Verbrauchern im Sinne des Konsumentenschutzgesetzes (KIG), die ihren Wohnsitz oder gew\u00f6hnlichen Aufenthalt im Inland haben oder im Inland besch\u00e4ftigt sind, gelten die gesetzlichen Gerichtsst\u00e4nde.<br><\/li>\n\n\n\n<li>Es kommt schweizerisches Recht, unter Ausschluss von Verweisungsnormen des internationalen Privatrechts (z. B. IPRG, EV\u00dc) sowie des UN-Kaufrechts zur Anwendung.<br><\/li>\n\n\n\n<li>Die Vertragssprache ist Deutsch.<br><\/li>\n<\/ul>\n<\/li>\n\n\n\n<li><strong>Teilnichtigkeit<\/strong><br>Sollten Bestimmungen dieses Vertrages rechtsunwirksam, ung\u00fcltig und\/oder nichtig sein oder im Laufe ihrer Dauer werden, so ber\u00fchrt dies die Rechtswirksamkeit und die G\u00fcltigkeit der \u00fcbrigen Bestimmungen nicht. Die Vertragsteile verpflichten sich in diesem Fall, die rechtsunwirksame, ung\u00fcltige und\/oder nichtige (rechtsunwirksam, ung\u00fcltig und\/oder nichtig gewordene) Bestimmung durch eine solche zu ersetzen, die rechtswirksam und g\u00fcltig ist \u2013 und in ihrer wirtschaftlichen Auswirkung der ersetzten Bestimmung, soweit als m\u00f6glich und rechtlich zul\u00e4ssig, entspricht.<br><\/li>\n\n\n\n<li><strong>Schlussbestimmungen<\/strong>\n<ul class=\"wp-block-list\">\n<li>Alle Erkl\u00e4rungen rechtsverbindlicher Art aufgrund dieses Vertrages haben schriftlich an die zuletzt schriftlich bekannt gegebene E-Mail-Adresse des jeweils anderen Vertragspartners zu erfolgen. Wird eine Erkl\u00e4rung an die zuletzt schriftlich bekannt gegebene E-Mail-Adresse \u00fcbermittelt, so gilt diese dem jeweiligen Vertragsteil als zugegangen.<\/li>\n\n\n\n<li>Die Bezeichnung der f\u00fcr die einzelnen Kapitel gew\u00e4hlten \u00dcberschriften dient einzig und allein der \u00dcbersichtlichkeit und ist daher nicht zur Auslegung dieses Vertrages heranzuziehen.<br><\/li>\n<\/ul>\n<\/li>\n\n\n\n<li><strong>Datennutzung, -weitergabe, -weitervermittlung \/ Zustimmung<\/strong><br>Die Datenschutzerkl\u00e4rung von groupify.ch GmbH findet der Nutzer&nbsp;<a href=\"http:\/\/www.groupify.ch\/datenschutzerklaerung\">hier<\/a>. Der Nutzer erkl\u00e4rt, diese Datenschutzerkl\u00e4rung sowohl gelesen und verstanden zu haben als auch vollinhaltlich zu akzeptieren.<\/li>\n<\/ol>\n\n\n\n<p>Z\u00fcrich, 15.07.2022<br>groupify.ch GmbH<\/p>\n\n\n\n<div style=\"height:0px\" aria-hidden=\"true\" class=\"wp-block-spacer wp-container-content-32e3a40d\"><\/div>\n<\/div>\n\n\n\n<div style=\"height:var(--wp--preset--spacing--30)\" aria-hidden=\"true\" class=\"wp-block-spacer\"><\/div>\n<\/div>\n","protected":false},"excerpt":{"rendered":"<p>Allgemeine Gesch\u00e4ftsbedingungen f\u00fcr die Nutzung der Services von groupify Z\u00fcrich, 15.07.2022groupify.ch GmbH<\/p>","protected":false},"author":2,"featured_media":0,"parent":0,"menu_order":0,"comment_status":"closed","ping_status":"closed","template":"","meta":{"footnotes":""},"class_list":["post-2900","page","type-page","status-publish","hentry"],"_links":{"self":[{"href":"https:\/\/www.groupify.ch\/en\/wp-json\/wp\/v2\/pages\/2900","targetHints":{"allow":["GET"]}}],"collection":[{"href":"https:\/\/www.groupify.ch\/en\/wp-json\/wp\/v2\/pages"}],"about":[{"href":"https:\/\/www.groupify.ch\/en\/wp-json\/wp\/v2\/types\/page"}],"author":[{"embeddable":true,"href":"https:\/\/www.groupify.ch\/en\/wp-json\/wp\/v2\/users\/2"}],"replies":[{"embeddable":true,"href":"https:\/\/www.groupify.ch\/en\/wp-json\/wp\/v2\/comments?post=2900"}],"version-history":[{"count":2,"href":"https:\/\/www.groupify.ch\/en\/wp-json\/wp\/v2\/pages\/2900\/revisions"}],"predecessor-version":[{"id":3170,"href":"https:\/\/www.groupify.ch\/en\/wp-json\/wp\/v2\/pages\/2900\/revisions\/3170"}],"wp:attachment":[{"href":"https:\/\/www.groupify.ch\/en\/wp-json\/wp\/v2\/media?parent=2900"}],"curies":[{"name":"wp","href":"https:\/\/api.w.org\/{rel}","templated":true}]}}